{"id":2,"date":"2019-01-11T23:47:19","date_gmt":"2019-01-11T22:47:19","guid":{"rendered":"http:\/\/www2.wagfri.de\/?page_id=2"},"modified":"2024-09-17T20:50:23","modified_gmt":"2024-09-17T18:50:23","slug":"startseite","status":"publish","type":"page","link":"https:\/\/www.wagfri.de\/","title":{"rendered":"Herzlich Willkommen"},"content":{"rendered":"\n<p class=\"has-text-align-center has-large-font-size\" style=\"font-style:normal;font-weight:200\">Privat\u00e4rztliche Praxis<\/p>\n\n\n\n<p class=\"has-text-align-center has-medium-font-size\" style=\"line-height:0.4\"><strong>Dr. med. Ursula Wagner<\/strong><\/p>\n\n\n\n<p class=\"has-text-align-center\">Ganzheitliche Orthop\u00e4die<br>Sportmedizin<br>Applied Kinesiology<br><br>Sprechstunde nach Vereinbarung<\/p>\n\n\n\n<hr class=\"wp-block-separator has-alpha-channel-opacity\"\/>\n\n\n\n<p class=\"has-text-align-center\">Wasenstra\u00dfe 15<br>72135 Dettenhausen<br>Telefon 07157 535003<br><a href=\"mailto: dr@wagfri.de\">E-Mail<\/a><\/p>\n\n\n\n<hr class=\"wp-block-separator has-alpha-channel-opacity\"\/>\n\n\n\n<p class=\"has-text-align-center\">Mitglied der D\u00c4GAK. Mehr Informationen unter&nbsp;<a href=\"https:\/\/www.daegak.de\/\" target=\"_blank\" rel=\"noreferrer noopener\" aria-label=\" (\u00f6ffnet in neuem Tab)\">www.d\u00e4gak.de<\/a><\/p>\n\n\n\n<h1 class=\"wp-block-heading has-text-align-center\" style=\"font-style:normal;font-weight:200\">Therapie<\/h1>\n\n\n\n<p class=\"has-text-align-center\">&#8222;<em>Alles hat damit zu tun, wieder zur Ganzheit zur\u00fcckzufinden.&#8220;<br>(Gabor Mat\u00e9)<\/em><\/p>\n\n\n\n<h2 class=\"wp-block-heading\" style=\"font-style:normal;font-weight:100\">Applied Kinesiology<\/h2>\n\n\n\n<p>Man kann Kinesiologie umschreiben als \u201eganzheitliche Untersuchungs- und Therapiemethode, basierend auf manueller Muskeltestung\u201c. Getestet wird allerdings nicht die absolute Kraft, sondern die F\u00e4higkeit des Organismus, auf bestimmte Reize neurologisch ad\u00e4quat zu reagieren.<\/p>\n\n\n\n<p>Die Therapiem\u00f6glichkeiten sind vielf\u00e4ltig und nat\u00fcrlich auch abh\u00e4ngig von den Behandlungsm\u00f6glichkeiten der Therapeuten.<\/p>\n\n\n\n<p>Aufgrund meiner Ausbildungen ergeben sich folgende M\u00f6glichkeiten zur Intervention:<\/p>\n\n\n\n<ul class=\"wp-block-list\">\n<li>Injury Recall Technique (s. u.)<\/li>\n\n\n\n<li>St\u00f6rfeldsuche und -behandlung<\/li>\n\n\n\n<li>Meridiantherapie<\/li>\n\n\n\n<li>Strukturelle Manuelle Techniken (Osteopathie, Chirotherapie)<\/li>\n\n\n\n<li>Untersuchung auf Nahrungsmittelunvertr\u00e4glichkeiten (NUV)<\/li>\n\n\n\n<li>Darmsanierung<\/li>\n\n\n\n<li>Akupunktur<\/li>\n\n\n\n<li>Hom\u00f6opathie<\/li>\n\n\n\n<li>Pflanzenheilkunde<\/li>\n\n\n\n<li>Orthomolekulare Medizin<\/li>\n\n\n\n<li>Energiearbeit<\/li>\n<\/ul>\n\n\n\n<h3 class=\"wp-block-heading\" style=\"font-style:normal;font-weight:100\">Injury Recall Technique<\/h3>\n\n\n\n<p>K\u00f6rpererinnerungen an alte Verletzungsmuster k\u00f6nnen in allen Bereichen (strukturell, biochemisch, psychisch) l\u00e4ngerfristig zu Gesundheitsst\u00f6rungen f\u00fchren. Eine gespeicherte Fluchtreaktion kann unterbewusst bestehen bleiben, die das Gesamtsystem belastet und unter bestimmten Umst\u00e4nden (Trigger) zu einem Reiz mit entsprechender Reizantwort des Organismus f\u00fchrt. Hieraus ergeben sich u. U. Symptome, weit entfernt von der Ursache. Dies gilt es aufzusp\u00fcren und zu entkoppeln, um alte Muster aufzul\u00f6sen und dem Organismus mehr Kompensationsm\u00f6glichkeiten zur Verf\u00fcgung zu stellen.<\/p>\n\n\n\n<h1 class=\"wp-block-heading has-text-align-center\" style=\"font-style:normal;font-weight:200\">Werdegang<\/h1>\n\n\n\n<ul class=\"wp-block-list\">\n<li>Studium der Biologie in Heidelberg<\/li>\n\n\n\n<li>Heilpraktikerausbildung in Mannheim (Naturheilverfahren, Phytotherapie, Hom\u00f6opathie)<\/li>\n\n\n\n<li>Physiotherapieausbildung in Viernheim<\/li>\n\n\n\n<li>Zusatzausbildung Kneipp-Therapie<\/li>\n\n\n\n<li>Studium der Medizin in Frankfurt und T\u00fcbingen mit Promotion im Bereich Sportmedizin<\/li>\n\n\n\n<li>Zusatzbezeichnung Sportmedizin<\/li>\n\n\n\n<li>Zusatzausbildungen: Applied Kinesiology, in diesem Rahmen Osteopathie, Akupunktur, Chirotherapie<\/li>\n\n\n\n<li>Emotionsarbeit nach Bradley Nelson<\/li>\n\n\n\n<li>Energiearbeit<\/li>\n\n\n\n<li>In Ausbildung zum systemischen Coach (systemische Familienaufstellung)<\/li>\n\n\n\n<li>Seit 1999 im Bereich der konservativen Orthop\u00e4die t\u00e4tig<\/li>\n\n\n\n<li>Von 2001 bis 2022 \u00c4rztin am Universit\u00e4tsklinikum T\u00fcbingen Abteilung orthop\u00e4dische Sportmedizin<\/li>\n\n\n\n<li>Seit 2012 in eigener privat\u00e4rztlicher Praxis im Sinne einer ganzheitlichen Therapie unter Ber\u00fccksichtigung von K\u00f6rper, Geist und Seele<\/li>\n\n\n\n<li>Kernst\u00fcck meiner Arbeit ist die Injury Recall Technique (IRT)<\/li>\n<\/ul>\n","protected":false},"excerpt":{"rendered":"<p>Privat\u00e4rztliche Praxis Dr. med. Ursula Wagner Ganzheitliche Orthop\u00e4dieSportmedizinApplied Kinesiology Sprechstunde nach Vereinbarung Wasenstra\u00dfe 1572135 DettenhausenTelefon 07157 535003E-Mail Mitglied der D\u00c4GAK. Mehr Informationen unter&nbsp;www.d\u00e4gak.de Therapie &#8222;Alles hat damit zu tun, wieder zur Ganzheit zur\u00fcckzufinden.&#8220;(Gabor Mat\u00e9) Applied Kinesiology Man kann Kinesiologie umschreiben als \u201eganzheitliche Untersuchungs- und Therapiemethode, basierend auf manueller Muskeltestung\u201c. Getestet wird allerdings nicht die absolute &hellip; <\/p>\n<p class=\"link-more\"><a href=\"https:\/\/www.wagfri.de\/\" class=\"more-link\">Mehr <span class=\"screen-reader-text\">\u00fcber &#8222;Herzlich Willkommen&#8220; <\/span>Lesen<\/a><\/p>\n","protected":false},"author":1,"featured_media":0,"parent":0,"menu_order":0,"comment_status":"closed","ping_status":"closed","template":"","meta":{"footnotes":""},"class_list":["post-2","page","type-page","status-publish","hentry"],"_links":{"self":[{"href":"https:\/\/www.wagfri.de\/index.php?rest_route=\/wp\/v2\/pages\/2","targetHints":{"allow":["GET"]}}],"collection":[{"href":"https:\/\/www.wagfri.de\/index.php?rest_route=\/wp\/v2\/pages"}],"about":[{"href":"https:\/\/www.wagfri.de\/index.php?rest_route=\/wp\/v2\/types\/page"}],"author":[{"embeddable":true,"href":"https:\/\/www.wagfri.de\/index.php?rest_route=\/wp\/v2\/users\/1"}],"replies":[{"embeddable":true,"href":"https:\/\/www.wagfri.de\/index.php?rest_route=%2Fwp%2Fv2%2Fcomments&post=2"}],"version-history":[{"count":10,"href":"https:\/\/www.wagfri.de\/index.php?rest_route=\/wp\/v2\/pages\/2\/revisions"}],"predecessor-version":[{"id":146,"href":"https:\/\/www.wagfri.de\/index.php?rest_route=\/wp\/v2\/pages\/2\/revisions\/146"}],"wp:attachment":[{"href":"https:\/\/www.wagfri.de\/index.php?rest_route=%2Fwp%2Fv2%2Fmedia&parent=2"}],"curies":[{"name":"wp","href":"https:\/\/api.w.org\/{rel}","templated":true}]}}