{"id":53,"date":"2024-08-18T18:20:16","date_gmt":"2024-08-18T16:20:16","guid":{"rendered":"https:\/\/www.wagfri.de\/?page_id=53"},"modified":"2025-08-31T10:05:57","modified_gmt":"2025-08-31T08:05:57","slug":"werdegang","status":"publish","type":"page","link":"https:\/\/www.wagfri.de\/?page_id=53","title":{"rendered":"Werdegang"},"content":{"rendered":"\n<ul class=\"wp-block-list\">\n<li>Studium der Biologie in Heidelberg<\/li>\n\n\n\n<li>Heilpraktikerausbildung in Mannheim (Naturheilverfahren, Phytotherapie, Hom\u00f6opathie)<\/li>\n\n\n\n<li>Physiotherapieausbildung in Viernheim<\/li>\n\n\n\n<li>Zusatzausbildung Kneipp-Therapie<\/li>\n\n\n\n<li>Studium der Medizin in Frankfurt und T\u00fcbingen mit Promotion im Bereich Sportmedizin<\/li>\n\n\n\n<li>Zusatzausbildungen: Applied Kinesiology, in diesem Rahmen Osteopathie, Akupunktur, Chirotherapie<\/li>\n\n\n\n<li>Sportmedizin<\/li>\n\n\n\n<li>Emotionsarbeit nach Bradley Nelson<\/li>\n\n\n\n<li>Energiearbeit nach Klinghardt<\/li>\n\n\n\n<li>Systemische Coach (systemische Familienaufstellung)<\/li>\n\n\n\n<li>Seit 1999 bin ich im Bereich der konservativen Orthop\u00e4die t\u00e4tig<\/li>\n\n\n\n<li>von 2001 bis 2022 an der Universit\u00e4tsklinik T\u00fcbingen, Abteilung orthop\u00e4dische Sportmedizin<\/li>\n\n\n\n<li>Seit 2012 arbeite ich in eigener privat\u00e4rztlicher Praxis kinesiologisch im Sinne einer ganzheitlichen Therapie unter Ber\u00fccksichtigung von K\u00f6rper, Geist und Seele<\/li>\n\n\n\n<li>Kernst\u00fcck meiner Arbeit ist die Injury Recall Technique (IRT)<\/li>\n<\/ul>\n\n\n\n<p>Mitglied der D\u00c4GAK. Mehr Informationen unter <a href=\"http:\/\/www.d\u00e4gak.de\" data-type=\"link\" data-id=\"www.d\u00e4gak.de\" target=\"_blank\" rel=\"noreferrer noopener\">www.d\u00e4gak.de<\/a><\/p>\n\n\n\n<p><\/p>\n","protected":false},"excerpt":{"rendered":"<p>Mitglied der D\u00c4GAK. Mehr Informationen unter www.d\u00e4gak.de<\/p>\n","protected":false},"author":1,"featured_media":0,"parent":0,"menu_order":0,"comment_status":"closed","ping_status":"closed","template":"","meta":{"footnotes":""},"class_list":["post-53","page","type-page","status-publish","hentry"],"_links":{"self":[{"href":"https:\/\/www.wagfri.de\/index.php?rest_route=\/wp\/v2\/pages\/53","targetHints":{"allow":["GET"]}}],"collection":[{"href":"https:\/\/www.wagfri.de\/index.php?rest_route=\/wp\/v2\/pages"}],"about":[{"href":"https:\/\/www.wagfri.de\/index.php?rest_route=\/wp\/v2\/types\/page"}],"author":[{"embeddable":true,"href":"https:\/\/www.wagfri.de\/index.php?rest_route=\/wp\/v2\/users\/1"}],"replies":[{"embeddable":true,"href":"https:\/\/www.wagfri.de\/index.php?rest_route=%2Fwp%2Fv2%2Fcomments&post=53"}],"version-history":[{"count":4,"href":"https:\/\/www.wagfri.de\/index.php?rest_route=\/wp\/v2\/pages\/53\/revisions"}],"predecessor-version":[{"id":150,"href":"https:\/\/www.wagfri.de\/index.php?rest_route=\/wp\/v2\/pages\/53\/revisions\/150"}],"wp:attachment":[{"href":"https:\/\/www.wagfri.de\/index.php?rest_route=%2Fwp%2Fv2%2Fmedia&parent=53"}],"curies":[{"name":"wp","href":"https:\/\/api.w.org\/{rel}","templated":true}]}}