{"id":75,"date":"2024-09-04T21:54:23","date_gmt":"2024-09-04T19:54:23","guid":{"rendered":"https:\/\/www.wagfri.de\/?page_id=75"},"modified":"2024-09-17T19:54:21","modified_gmt":"2024-09-17T17:54:21","slug":"therapie","status":"publish","type":"page","link":"https:\/\/www.wagfri.de\/?page_id=75","title":{"rendered":"Therapie"},"content":{"rendered":"\n<blockquote class=\"wp-block-quote is-layout-flow wp-block-quote-is-layout-flow\">\n<p><strong>Alles hat damit zu tun, wieder zur Ganzheit zur\u00fcckzufinden.<\/strong><\/p>\n\n\n\n<p>(Gabor Mat\u00e9)<\/p>\n<\/blockquote>\n\n\n\n<h2 class=\"wp-block-heading\">Applied Kinesiology<\/h2>\n\n\n\n<p>Man kann Kinesiologie umschreiben als \u201eganzheitliche Untersuchungs- und Therapiemethode, basierend auf manueller Muskeltestung\u201c. Getestet wird allerdings nicht die absolute Kraft, sondern die F\u00e4higkeit des Organismus, auf bestimmte Reize neurologisch ad\u00e4quat zu reagieren.<br><br>Die Therapiem\u00f6glichkeiten sind vielf\u00e4ltig und nat\u00fcrlich auch abh\u00e4ngig von den Behandlungsm\u00f6glichkeiten der Therapeuten.<br><br>Aufgrund meiner Ausbildungen ergeben sich folgende M\u00f6glichkeiten zur Intervention:<\/p>\n\n\n\n<ul class=\"wp-block-list\">\n<li>Injury Recall Technique (s. u.)<\/li>\n\n\n\n<li>St\u00f6rfeldsuche und -behandlung<\/li>\n\n\n\n<li>Meridiantherapie<\/li>\n\n\n\n<li>Strukturelle Manuelle Techniken (Osteopathie, Chirotherapie)<\/li>\n\n\n\n<li>Untersuchung auf Nahrungsmittelunvertr\u00e4glichkeiten (NUV)<\/li>\n\n\n\n<li>Darmsanierung<\/li>\n\n\n\n<li>Akupunktur<\/li>\n\n\n\n<li>Hom\u00f6opathie<\/li>\n\n\n\n<li>Pflanzenheilkunde<\/li>\n\n\n\n<li>Orthomolekulare Medizin<\/li>\n\n\n\n<li>Energiearbeit<\/li>\n<\/ul>\n\n\n\n<h2 class=\"wp-block-heading\">Injury Recall Technique<\/h2>\n\n\n\n<p>K\u00f6rpererinnerungen an alte Verletzungsmuster k\u00f6nnen in allen Bereichen (strukturell, biochemisch, psychisch) l\u00e4ngerfristig zu Gesundheitsst\u00f6rungen f\u00fchren. Eine gespeicherte Fluchtreaktion kann unterbewusst bestehen bleiben, die das Gesamtsystem belastet und unter bestimmten Umst\u00e4nden (Trigger) zu einem Reiz mit entsprechender Reizantwort des Organismus f\u00fchrt. Hieraus ergeben sich u. U. Symptome, weit entfernt von der Ursache. Dies gilt es aufzusp\u00fcren und zu entkoppeln, um alte Muster aufzul\u00f6sen und dem Organismus mehr Kompensationsm\u00f6glichkeiten zur Verf\u00fcgung zu stellen.<\/p>\n","protected":false},"excerpt":{"rendered":"<p>Alles hat damit zu tun, wieder zur Ganzheit zur\u00fcckzufinden. (Gabor Mat\u00e9) Applied Kinesiology Man kann Kinesiologie umschreiben als \u201eganzheitliche Untersuchungs- und Therapiemethode, basierend auf manueller Muskeltestung\u201c. Getestet wird allerdings nicht die absolute Kraft, sondern die F\u00e4higkeit des Organismus, auf bestimmte Reize neurologisch ad\u00e4quat zu reagieren. Die Therapiem\u00f6glichkeiten sind vielf\u00e4ltig und nat\u00fcrlich auch abh\u00e4ngig von den &hellip; <\/p>\n<p class=\"link-more\"><a href=\"https:\/\/www.wagfri.de\/?page_id=75\" class=\"more-link\">Mehr <span class=\"screen-reader-text\">\u00fcber &#8222;Therapie&#8220; <\/span>Lesen<\/a><\/p>\n","protected":false},"author":1,"featured_media":0,"parent":0,"menu_order":0,"comment_status":"closed","ping_status":"closed","template":"","meta":{"footnotes":""},"class_list":["post-75","page","type-page","status-publish","hentry"],"_links":{"self":[{"href":"https:\/\/www.wagfri.de\/index.php?rest_route=\/wp\/v2\/pages\/75","targetHints":{"allow":["GET"]}}],"collection":[{"href":"https:\/\/www.wagfri.de\/index.php?rest_route=\/wp\/v2\/pages"}],"about":[{"href":"https:\/\/www.wagfri.de\/index.php?rest_route=\/wp\/v2\/types\/page"}],"author":[{"embeddable":true,"href":"https:\/\/www.wagfri.de\/index.php?rest_route=\/wp\/v2\/users\/1"}],"replies":[{"embeddable":true,"href":"https:\/\/www.wagfri.de\/index.php?rest_route=%2Fwp%2Fv2%2Fcomments&post=75"}],"version-history":[{"count":2,"href":"https:\/\/www.wagfri.de\/index.php?rest_route=\/wp\/v2\/pages\/75\/revisions"}],"predecessor-version":[{"id":94,"href":"https:\/\/www.wagfri.de\/index.php?rest_route=\/wp\/v2\/pages\/75\/revisions\/94"}],"wp:attachment":[{"href":"https:\/\/www.wagfri.de\/index.php?rest_route=%2Fwp%2Fv2%2Fmedia&parent=75"}],"curies":[{"name":"wp","href":"https:\/\/api.w.org\/{rel}","templated":true}]}}